{"id":11,"date":"2021-08-04T05:34:09","date_gmt":"2021-08-04T05:34:09","guid":{"rendered":"http:\/\/dinbygningskonsulent.dk\/?page_id=11"},"modified":"2023-07-16T10:06:56","modified_gmt":"2023-07-16T10:06:56","slug":"lav-dit-website-ved-hjaelp-af-blokke","status":"publish","type":"page","link":"https:\/\/dinbygningskonsulent.dk\/","title":{"rendered":""},"content":{"rendered":"\n<div class=\"wp-block-columns is-layout-flex wp-container-core-columns-is-layout-9d6595d7 wp-block-columns-is-layout-flex\">\n<div class=\"wp-block-column is-layout-flow wp-block-column-is-layout-flow\" style=\"flex-basis:33.33%\">\n\t<div class=\"slideshow_container slideshow_container_style-light\" data-slideshow-id=\"826\" data-style-name=\"style-light\" data-style-version=\"2.5.20\">\n\t\t<div class=\"slideshow_loading_icon\"><\/div>\n\t\t<div class=\"slideshow_content\">\n\t\t\t<div class=\"slideshow_view\">\n\t\t\t\t<div class=\"slideshow_slide slideshow_slide_image\">\n\t\t\t\t\t\t\t\t\t\t\t<img loading=\"lazy\" decoding=\"async\" src=\"https:\/\/dinbygningskonsulent.dk\/wp-content\/uploads\/2023\/10\/Byggelove.jpg\" alt=\"Vi hj\u00e6lper bygherre med: \" width=\"591\" height=\"396\" \/>\n\t\t\t\t\t\t\t\t\t\t<div class=\"slideshow_description_box slideshow_transparent\">\n\t\t\t\t\t\t<h2 class=\"slideshow_title\">Vi hj\u00e6lper bygherre med: <\/h2>\t\t\t\t\t\t<h2 class=\"slideshow_description\">1) at overholde g\u00e6ldende byggelovgivning<\/h2>\t\t\t\t\t<\/div>\n\t\t\t\t<\/div>\n\n\t\t\t\t\t\t\t\t\t<\/div>\n\t\t\t<div class=\"slideshow_view\">\n\t\t\t\t<div class=\"slideshow_slide slideshow_slide_image\">\n\t\t\t\t\t\t\t\t\t\t\t<img loading=\"lazy\" decoding=\"async\" src=\"https:\/\/dinbygningskonsulent.dk\/wp-content\/uploads\/2022\/01\/hus-1.jpg\" alt=\" \" width=\"704\" height=\"412\" \/>\n\t\t\t\t\t\t\t\t\t\t<div class=\"slideshow_description_box slideshow_transparent\">\n\t\t\t\t\t\t<h2 class=\"slideshow_title\"> <\/h2>\t\t\t\t\t\t<h2 class=\"slideshow_description\">2) Projektering af byggeprojekt<\/h2>\t\t\t\t\t<\/div>\n\t\t\t\t<\/div>\n\n\t\t\t\t\t\t\t\t\t<\/div>\n\t\t\t<div class=\"slideshow_view\">\n\t\t\t\t<div class=\"slideshow_slide slideshow_slide_image\">\n\t\t\t\t\t\t\t\t\t\t\t<img loading=\"lazy\" decoding=\"async\" src=\"https:\/\/dinbygningskonsulent.dk\/wp-content\/uploads\/2022\/01\/projektering-1.jpg\" alt=\"projektering 1\" width=\"275\" height=\"183\" \/>\n\t\t\t\t\t\t\t\t\t\t<div class=\"slideshow_description_box slideshow_transparent\">\n\t\t\t\t\t\t\t\t\t\t\t\t<h2 class=\"slideshow_description\">3) Tilsyn og kvalitetsstyring<\/h2>\t\t\t\t\t<\/div>\n\t\t\t\t<\/div>\n\n\t\t\t\t\t\t\t\t\t<\/div>\n\t\t\t<div class=\"slideshow_view\">\n\t\t\t\t<div class=\"slideshow_slide slideshow_slide_image\">\n\t\t\t\t\t\t\t\t\t\t\t<img loading=\"lazy\" decoding=\"async\" src=\"https:\/\/dinbygningskonsulent.dk\/wp-content\/uploads\/2022\/01\/Projektering-3.jpg\" alt=\"Projektering 3\" width=\"225\" height=\"225\" \/>\n\t\t\t\t\t\t\t\t\t\t<div class=\"slideshow_description_box slideshow_transparent\">\n\t\t\t\t\t\t\t\t\t\t\t\t<h2 class=\"slideshow_description\">4) \u00f8konomi- og risikostyring<\/h2>\t\t\t\t\t<\/div>\n\t\t\t\t<\/div>\n\n\t\t\t\t\t\t\t\t\t<\/div>\n\t\t\t<div class=\"slideshow_view\">\n\t\t\t\t<div class=\"slideshow_slide slideshow_slide_image\">\n\t\t\t\t\t\t\t\t\t\t\t<img loading=\"lazy\" decoding=\"async\" src=\"https:\/\/dinbygningskonsulent.dk\/wp-content\/uploads\/2022\/01\/Eksempel-paa-tilsynsplan-1.jpg\" alt=\"Eksempel-paa-tilsynsplan-1\" width=\"937\" height=\"382\" \/>\n\t\t\t\t\t\t\t\t\t\t<div class=\"slideshow_description_box slideshow_transparent\">\n\t\t\t\t\t\t\t\t\t\t\t\t<h2 class=\"slideshow_description\">5) Tidsplan for projektet<\/h2>\t\t\t\t\t<\/div>\n\t\t\t\t<\/div>\n\n\t\t\t\t\t\t\t\t\t<\/div>\n\t\t\t<div class=\"slideshow_view\">\n\t\t\t\t<div class=\"slideshow_slide slideshow_slide_image\">\n\t\t\t\t\t\t\t\t\t\t\t<img loading=\"lazy\" decoding=\"async\" src=\"https:\/\/dinbygningskonsulent.dk\/wp-content\/uploads\/2023\/07\/Danmark-1.png\" alt=\"Vi kommer overalt p\u00e5\" width=\"201\" height=\"251\" \/>\n\t\t\t\t\t\t\t\t\t\t<div class=\"slideshow_description_box slideshow_transparent\">\n\t\t\t\t\t\t<h2 class=\"slideshow_title\">Vi kommer overalt p\u00e5<\/h2>\t\t\t\t\t\t<h2 class=\"slideshow_description\">Sj\u00e6lland og \u00f8erne.<\/h2>\t\t\t\t\t<\/div>\n\t\t\t\t<\/div>\n\n\t\t\t\t\t\t\t\t\t<\/div>\n\t\t<\/div>\n\t\t<div class=\"slideshow_controlPanel slideshow_transparent\"><ul><li class=\"slideshow_togglePlay\" data-play-text=\"Play\" data-pause-text=\"Pause\"><\/li><\/ul><\/div>\n\t\t<div class=\"slideshow_button slideshow_previous slideshow_transparent\" role=\"button\" data-previous-text=\"Previous\"><\/div>\n\t\t<div class=\"slideshow_button slideshow_next slideshow_transparent\" role=\"button\" data-next-text=\"Next\"><\/div>\n\t\t<div class=\"slideshow_pagination\" data-go-to-text=\"Go to slide\"><div class=\"slideshow_pagination_center\"><\/div><\/div>\n\t<\/div>\n\n<\/div>\n\n\n\n<div class=\"wp-block-column is-layout-flow wp-block-column-is-layout-flow\" style=\"flex-basis:66.66%\">\n<p class=\"has-large-font-size\"><strong>Har du brug for et &#8220;kritisk \u00f8je&#8221; p\u00e5 en problemstilling i dit byggeri?<\/strong><\/p>\n\n\n\n<p class=\"has-large-font-size\">Vi kan hj\u00e6lpe dig i alle faser i dit byggeri, uanset hvor i Danmark du bor.<\/p>\n\n\n\n<p class=\"has-large-font-size\">Vi projekterer og f\u00f8rer tilsyn med nybyggerier og renoveringer.<\/p>\n\n\n\n<p class=\"has-large-font-size\">Vi kan planl\u00e6gge det efterf\u00f8lgende drift og vedligehold af det f\u00e6rdige byggeri, for dig.<\/p>\n\n\n\n<p class=\"has-large-font-size\">Vi har specialviden og mere end 20 \u00e5rs erfaring med fugt- og skimmelproblemer i byggerier. <\/p>\n\n\n\n<div style=\"height:50px\" aria-hidden=\"true\" class=\"wp-block-spacer\"><\/div>\n\n\n\n<p class=\"has-text-align-center has-black-color has-text-color has-x-large-font-size\">S\u00e5 t\u00f8v endelig ikke, men tag <a href=\"https:\/\/dinbygningskonsulent.dk\/index.php\/kontakt\/\">kontakt<\/a> til os, allerede idag.<\/p>\n<\/div>\n<\/div>\n","protected":false},"excerpt":{"rendered":"<p>Har du brug for et &#8220;kritisk \u00f8je&#8221; p\u00e5 en problemstilling i dit byggeri? Vi kan hj\u00e6lpe dig i alle faser i dit byggeri, uanset hvor i Danmark du bor. Vi projekterer og f\u00f8rer tilsyn med nybyggerier og renoveringer. Vi kan planl\u00e6gge det efterf\u00f8lgende drift og vedligehold af det f\u00e6rdige byggeri, for dig. Vi har specialviden [&hellip;]<\/p>\n","protected":false},"author":1,"featured_media":0,"parent":0,"menu_order":0,"comment_status":"closed","ping_status":"closed","template":"","meta":{"footnotes":""},"class_list":["post-11","page","type-page","status-publish","hentry"],"_links":{"self":[{"href":"https:\/\/dinbygningskonsulent.dk\/index.php\/wp-json\/wp\/v2\/pages\/11","targetHints":{"allow":["GET"]}}],"collection":[{"href":"https:\/\/dinbygningskonsulent.dk\/index.php\/wp-json\/wp\/v2\/pages"}],"about":[{"href":"https:\/\/dinbygningskonsulent.dk\/index.php\/wp-json\/wp\/v2\/types\/page"}],"author":[{"embeddable":true,"href":"https:\/\/dinbygningskonsulent.dk\/index.php\/wp-json\/wp\/v2\/users\/1"}],"replies":[{"embeddable":true,"href":"https:\/\/dinbygningskonsulent.dk\/index.php\/wp-json\/wp\/v2\/comments?post=11"}],"version-history":[{"count":138,"href":"https:\/\/dinbygningskonsulent.dk\/index.php\/wp-json\/wp\/v2\/pages\/11\/revisions"}],"predecessor-version":[{"id":1389,"href":"https:\/\/dinbygningskonsulent.dk\/index.php\/wp-json\/wp\/v2\/pages\/11\/revisions\/1389"}],"wp:attachment":[{"href":"https:\/\/dinbygningskonsulent.dk\/index.php\/wp-json\/wp\/v2\/media?parent=11"}],"curies":[{"name":"wp","href":"https:\/\/api.w.org\/{rel}","templated":true}]}}