{"id":1224,"date":"2023-10-22T14:17:10","date_gmt":"2023-10-22T14:17:10","guid":{"rendered":"https:\/\/dinbygningskonsulent.dk\/?page_id=1224"},"modified":"2023-10-22T14:40:16","modified_gmt":"2023-10-22T14:40:16","slug":"generelle-salgs-og-leveringsbetingelser","status":"publish","type":"page","link":"https:\/\/dinbygningskonsulent.dk\/index.php\/generelle-salgs-og-leveringsbetingelser\/","title":{"rendered":"Generelle salgs- og leveringsbetingelser."},"content":{"rendered":"\n<div class=\"wp-block-group\"><div class=\"wp-block-group__inner-container is-layout-constrained wp-block-group-is-layout-constrained\">\n<div class=\"wp-block-columns is-layout-flex wp-container-core-columns-is-layout-9d6595d7 wp-block-columns-is-layout-flex\">\n<div class=\"wp-block-column is-layout-flow wp-block-column-is-layout-flow\" style=\"flex-basis:66.66%\">\n<p><strong>F\u00f8lgende Salgs- og leveringsbetingelser g\u00e6lder for alt samarbejde mellem Din Bygningskonsulent og Kunden, medmindre andet er skriftligt aftalt.<\/strong><\/p>\n\n\n\n<p><strong>(G\u00e6ldende fra 1. marts 2022.)<\/strong><\/p>\n\n\n\n<ol class=\"wp-block-list\">\n<li>Forenklede almindelige betingelser for r\u00e5dgivning og bistand i bygge- og anl\u00e6gsvirksomhed 2018 (ABR 18 Forenklet) er g\u00e6ldende mellem Din Bygningskonsulent og Kunden, forudsat forholdet ikke er reguleret i disse Salgs- og Leveringsbetingelser.<\/li>\n\n\n\n<li>Skriftlige tilbud fra Din Bygningskonsulent er g\u00e6ldende i 30 dage.<\/li>\n\n\n\n<li>Den del af ydelsen, der udf\u00f8res efter 12 m\u00e5neder fra tilbudsdagen, indekseres j\u00e6vnf\u00f8r ABR 18 Forenklet \u00a7 23 stk. 3.<\/li>\n\n\n\n<li>Fakturaer forfalder til betaling 7 dage efter fakturadatoen.<\/li>\n\n\n\n<li>Ved manglende overholdelse af betalingsfristen, forrentes tilgodehavendet fra forfaldsdagen med rentelovens rentesats j\u00e6vnf\u00f8r ABR 18 Forenklet \u00a7 25 stk. 2.                                                            Derudover tilskrives et rykkergebyr p\u00e5 200 kr.<\/li>\n\n\n\n<li>Din Bygningskonsulents ansvar er begr\u00e6nset til det omfang Din Bygningskonsulents forsikring d\u00e6kker. Ansvaret er derudover begr\u00e6nset til maksimalt 2 gange honorarets st\u00f8rrelse, og kan aldrig blive st\u00f8rre end 2,5 mio. kr.<\/li>\n\n\n\n<li>Din Bygningskonsulent har tegnet professionel r\u00e5dgiveransvarsforsikring ved TopDanmark (Police nr.: E 9689 508 917).<\/li>\n<\/ol>\n<\/div>\n\n\n\n<div class=\"wp-block-column is-layout-flow wp-block-column-is-layout-flow\" style=\"flex-basis:33.33%\">\n<figure class=\"wp-block-image size-full is-resized\"><img loading=\"lazy\" decoding=\"async\" width=\"591\" height=\"396\" src=\"https:\/\/dinbygningskonsulent.dk\/wp-content\/uploads\/2023\/10\/Byggelove.jpg\" alt=\"\" class=\"wp-image-1221\" style=\"aspect-ratio:1.4924242424242424;width:379px;height:auto\" srcset=\"https:\/\/dinbygningskonsulent.dk\/wp-content\/uploads\/2023\/10\/Byggelove.jpg 591w, https:\/\/dinbygningskonsulent.dk\/wp-content\/uploads\/2023\/10\/Byggelove-300x201.jpg 300w\" sizes=\"auto, (max-width: 591px) 100vw, 591px\" \/><\/figure>\n<\/div>\n<\/div>\n<\/div><\/div>\n","protected":false},"excerpt":{"rendered":"<p>F\u00f8lgende Salgs- og leveringsbetingelser g\u00e6lder for alt samarbejde mellem Din Bygningskonsulent og Kunden, medmindre andet er skriftligt aftalt. (G\u00e6ldende fra 1. marts 2022.)<\/p>\n","protected":false},"author":1,"featured_media":0,"parent":0,"menu_order":0,"comment_status":"closed","ping_status":"closed","template":"","meta":{"footnotes":""},"class_list":["post-1224","page","type-page","status-publish","hentry"],"_links":{"self":[{"href":"https:\/\/dinbygningskonsulent.dk\/index.php\/wp-json\/wp\/v2\/pages\/1224","targetHints":{"allow":["GET"]}}],"collection":[{"href":"https:\/\/dinbygningskonsulent.dk\/index.php\/wp-json\/wp\/v2\/pages"}],"about":[{"href":"https:\/\/dinbygningskonsulent.dk\/index.php\/wp-json\/wp\/v2\/types\/page"}],"author":[{"embeddable":true,"href":"https:\/\/dinbygningskonsulent.dk\/index.php\/wp-json\/wp\/v2\/users\/1"}],"replies":[{"embeddable":true,"href":"https:\/\/dinbygningskonsulent.dk\/index.php\/wp-json\/wp\/v2\/comments?post=1224"}],"version-history":[{"count":8,"href":"https:\/\/dinbygningskonsulent.dk\/index.php\/wp-json\/wp\/v2\/pages\/1224\/revisions"}],"predecessor-version":[{"id":1234,"href":"https:\/\/dinbygningskonsulent.dk\/index.php\/wp-json\/wp\/v2\/pages\/1224\/revisions\/1234"}],"wp:attachment":[{"href":"https:\/\/dinbygningskonsulent.dk\/index.php\/wp-json\/wp\/v2\/media?parent=1224"}],"curies":[{"name":"wp","href":"https:\/\/api.w.org\/{rel}","templated":true}]}}