{"id":189,"date":"2021-08-08T19:10:41","date_gmt":"2021-08-08T19:10:41","guid":{"rendered":"https:\/\/dinbygningskonsulent.dk\/?page_id=189"},"modified":"2024-09-29T09:15:51","modified_gmt":"2024-09-29T09:15:51","slug":"gdpr","status":"publish","type":"page","link":"https:\/\/dinbygningskonsulent.dk\/index.php\/gdpr\/","title":{"rendered":"GDPR"},"content":{"rendered":"\n<h5 class=\"wp-block-heading alignwide\"> <strong>Oplysning om behandling af persondata <\/strong>hos Din Bygningskonsulent. <\/h5>\n\n\n\n<h5 class=\"wp-block-heading alignwide\">Din Bygningskonsulents ansvar.  <\/h5>\n\n\n\n<h5 class=\"wp-block-heading alignwide\">Vi behandler personoplysninger og har derfor vedtaget denne persondatapolitik, der kort fort\u00e6ller, hvilke oplysninger vi indsamler om dig og hvordan vi behandler dine personoplysninger til sikring af en fair og gennemsigtig behandling. Vi har lavet en separat persondatapolitik for personer, der er ansat hos Din Bygningskonsulent.<br>Gennemg\u00e5ende for vores databehandlinger er, at vi behandler personoplysninger til bestemte form\u00e5l og ud fra berettigede (legitime) interesser. Vi behandler kun personoplysninger, der er relevante og n\u00f8dvendige til opfyldelsen af de angivne form\u00e5l. Vi sletter dine oplysninger, n\u00e5r de ikke l\u00e6ngere er n\u00f8dvendige. Retsgrundlaget for denne behandling af Databeskyttelsesforordnings art. 6, stk. 1 litra b.   <\/h5>\n\n\n\n<h5 class=\"wp-block-heading alignwide\"><strong>Kontaktoplysninger p\u00e5 den dataansvarlige.<\/strong><br>Din Bygningskonsulent er dataansvarlig i forhold til kunder og vi sikrer, at dine personoplysninger behandles i overensstemmelse med lovgivningen. <br><strong>Kontaktperson<\/strong>: Henrik Larsen<br>Telefonnummer: +45 29 84 27 11<br>E-mail:&nbsp;<a href=\"mailto:kontor@holbaekmarina.dk\">kontor@dinbygningskonsulent.dk<\/a>&nbsp;  <\/h5>\n\n\n\n<h5 class=\"wp-block-heading alignwide\"><strong>Behandling af personoplysninger.<\/strong><br>Vi behandler f\u00f8lgende personoplysninger: Almindelige personoplysninger som navn, adresse, telefonnummer og e-mailadresse. <\/h5>\n\n\n\n<h5 class=\"wp-block-heading alignwide\"><strong>Form\u00e5l med behandling af dine personoplysninger.<\/strong><br>Vi behandler dine personoplysninger til bestemte form\u00e5l, n\u00e5r vi har en lovlig grund.<br>Lovlige grunde til behandling er s\u00e6rligt: 1)&nbsp;At det er n\u00f8dvendigt for at opfylde en kontrakt\/aftale med dig  2) At det er n\u00f8dvendigt for at kunne komme i kontakt med dig&nbsp; 3) Din Bygningskonsulent berettigede (legitime) interesser i at behandle dine oplysninger&nbsp;                        4) Behandling efter lovkrav  5) Behandling med samtykke.  <\/h5>\n\n\n\n<h5 class=\"wp-block-heading alignwide\"><strong>Videregivelse af dine personoplysninger.<\/strong><br>I forbindelse med drift og administration af Din Bygningskonsulent, sker der videregivelse af oplysninger herunder til revisor.<br>Behandlingen af dine personoplysninger vil dog ske uden dit samtykke, s\u00e5fremt behandlingen har hjemmel i lov eller s\u00e5fremt behandlingen er n\u00f8dvendig for at et retskrav kan fastl\u00e6gges, g\u00f8res g\u00e6ldende eller forsvares.<br>Vi videregiver ikke personoplysninger til firmaer til markedsf\u00f8ringsbrug uden dit samtykke.<br>Vi videregiver ikke personoplysninger til tredjelande.  <\/h5>\n\n\n\n<h5 class=\"wp-block-heading alignwide\"><strong>Opbevaring og sletning af dine personoplysninger.<\/strong><br>Vi sletter dine persondata, n\u00e5r de ikke l\u00e6ngere er n\u00f8dvendige til det form\u00e5l, som var grunden til vores indsamling. Af praktiske og administrative \u00e5rsager herunder opbevaringskrav efter bogf\u00f8ringsloven indeb\u00e6rer det at vi opbevarer dine personoplysninger i op til 5 \u00e5r efter kalender\u00e5ret for din opsigelse af dit engagement.<br>Vi beskytter dine persondata og har interne regler om informationssikkerhed, der indeholder instrukser og foranstaltninger, der beskytter dine persondata mod at g\u00e5 tabt og mod at uvedkommende f\u00e5r adgang til dem.<br><\/h5>\n\n\n\n<h5 class=\"wp-block-heading alignwide\"><strong>Dine rettigheder.<\/strong><br>Du har efter Databeskyttelsesforordningen en r\u00e6kke rettigheder i forhold til vores behandling af oplysninger om dig.   <\/h5>\n\n\n\n<h5 class=\"wp-block-heading alignwide\">1) Retten til at blive oplyst om behandlingen af data&nbsp; <\/h5>\n\n\n\n<h5 class=\"wp-block-heading alignwide\">2) Retten til indsigt i egne personoplysninger <\/h5>\n\n\n\n<h5 class=\"wp-block-heading alignwide\">3) Retten til berigtigelse <\/h5>\n\n\n\n<h5 class=\"wp-block-heading alignwide\">4) Retten til sletning <\/h5>\n\n\n\n<h5 class=\"wp-block-heading alignwide\">5) Retten til begr\u00e6nsning af behandling <\/h5>\n\n\n\n<h5 class=\"wp-block-heading alignwide\">6) Retten til data portabilitet (udlevering af data i et anvendeligt format) <\/h5>\n\n\n\n<h5 class=\"wp-block-heading alignwide\">7) Retten til indsigelse.                                                                                                                                                       <\/h5>\n\n\n\n<h5 class=\"wp-block-heading alignwide\">Du har ret til at indgive klage til Datatilsynet, hvis du er utilfreds med den m\u00e5de, vi behandler dine personoplysninger p\u00e5. Du finder Datatilsynets kontaktoplysninger p\u00e5&nbsp;<a href=\"http:\/\/www.datatilsynet.dk\/\">www.datatilsynet.dk<\/a>. Du kan l\u00e6se mere om dine rettigheder i Datatilsynets vejledning om de registreredes rettigheder.  <\/h5>\n\n\n\n<h5 class=\"wp-block-heading alignwide\"><strong>Har du sp\u00f8rgsm\u00e5l?<\/strong><br>Har du sp\u00f8rgsm\u00e5l vedr\u00f8rende vores behandling af dine persondata, eller \u00f8nsker du at g\u00f8re brug af en eller flere af dine rettigheder, kan du kontakte den dataansvarlige.  <\/h5>\n\n\n\n<h5 class=\"wp-block-heading alignwide\"><strong>Revidering af persondatapolitikken.<\/strong><br>Vi forbeholder os retten til at foretage \u00e6ndringer i denne persondatapolitik fra tid til anden. Ved \u00e6ndringer vil datoen herunder blive \u00e6ndret. Den til enhver tid g\u00e6ldende persondatapolitik vil v\u00e6re tilg\u00e6ngelig p\u00e5 vores hjemmeside&nbsp;<a href=\"http:\/\/www.dinbygningskonsulent.dk\/\">www.dinbygningskonsulent.dk<\/a><\/h5>\n\n\n\n<p><\/p>\n\n\n\n<h5 class=\"wp-block-heading alignwide\">Senest revideret d. 28.06.2024<\/h5>\n\n\n\n<h5 class=\"wp-block-heading alignwide\">N\u00e6ste revision senest d. 28.06.2025<\/h5>\n\n\n\n<p><\/p>\n","protected":false},"excerpt":{"rendered":"<p>Oplysning om behandling af persondata hos Din Bygningskonsulent. Din Bygningskonsulents ansvar. Vi behandler personoplysninger og har derfor vedtaget denne persondatapolitik, der kort fort\u00e6ller, hvilke oplysninger vi indsamler om dig og hvordan vi behandler dine personoplysninger til sikring af en fair og gennemsigtig behandling. Vi har lavet en separat persondatapolitik for personer, der er ansat hos [&hellip;]<\/p>\n","protected":false},"author":1,"featured_media":0,"parent":0,"menu_order":0,"comment_status":"closed","ping_status":"closed","template":"","meta":{"footnotes":""},"class_list":["post-189","page","type-page","status-publish","hentry"],"_links":{"self":[{"href":"https:\/\/dinbygningskonsulent.dk\/index.php\/wp-json\/wp\/v2\/pages\/189","targetHints":{"allow":["GET"]}}],"collection":[{"href":"https:\/\/dinbygningskonsulent.dk\/index.php\/wp-json\/wp\/v2\/pages"}],"about":[{"href":"https:\/\/dinbygningskonsulent.dk\/index.php\/wp-json\/wp\/v2\/types\/page"}],"author":[{"embeddable":true,"href":"https:\/\/dinbygningskonsulent.dk\/index.php\/wp-json\/wp\/v2\/users\/1"}],"replies":[{"embeddable":true,"href":"https:\/\/dinbygningskonsulent.dk\/index.php\/wp-json\/wp\/v2\/comments?post=189"}],"version-history":[{"count":10,"href":"https:\/\/dinbygningskonsulent.dk\/index.php\/wp-json\/wp\/v2\/pages\/189\/revisions"}],"predecessor-version":[{"id":1323,"href":"https:\/\/dinbygningskonsulent.dk\/index.php\/wp-json\/wp\/v2\/pages\/189\/revisions\/1323"}],"wp:attachment":[{"href":"https:\/\/dinbygningskonsulent.dk\/index.php\/wp-json\/wp\/v2\/media?parent=189"}],"curies":[{"name":"wp","href":"https:\/\/api.w.org\/{rel}","templated":true}]}}