{"id":243,"date":"2021-08-22T18:38:32","date_gmt":"2021-08-22T18:38:32","guid":{"rendered":"https:\/\/dinbygningskonsulent.dk\/?page_id=243"},"modified":"2023-07-16T05:42:52","modified_gmt":"2023-07-16T05:42:52","slug":"porebeton","status":"publish","type":"page","link":"https:\/\/dinbygningskonsulent.dk\/index.php\/porebeton\/","title":{"rendered":"R\u00e5hus og Aptering"},"content":{"rendered":"\n<h5 class=\"wp-block-heading alignwide\">Det er ikke unormalt, der findes fejl i porebetonmontagen. Entrepren\u00f8rerne har travlt med at monterer etageh\u00f8je porebetonelementer. Undervejs mangler der lidt omhu, afrensning af og forvanding af flader, der skal limes, samt en lim, der ikke lige er tynd nok.  Alle disse argumenter medf\u00f8rer d\u00e5rlige limninger, d\u00e5rlige samlinger ja endda samlinger der slet ikke h\u00e6nger sammen. <\/h5>\n\n\n\n<div class=\"wp-block-columns alignwide is-layout-flex wp-container-core-columns-is-layout-9d6595d7 wp-block-columns-is-layout-flex\">\n<div class=\"wp-block-column is-layout-flow wp-block-column-is-layout-flow\">\n<figure class=\"wp-block-image size-large\"><img loading=\"lazy\" decoding=\"async\" width=\"768\" height=\"1024\" src=\"https:\/\/dinbygningskonsulent.dk\/wp-content\/uploads\/2021\/08\/IMG_1664-2-768x1024.jpg\" alt=\"\" class=\"wp-image-249\" srcset=\"https:\/\/dinbygningskonsulent.dk\/wp-content\/uploads\/2021\/08\/IMG_1664-2-768x1024.jpg 768w, https:\/\/dinbygningskonsulent.dk\/wp-content\/uploads\/2021\/08\/IMG_1664-2-225x300.jpg 225w, https:\/\/dinbygningskonsulent.dk\/wp-content\/uploads\/2021\/08\/IMG_1664-2-1152x1536.jpg 1152w, https:\/\/dinbygningskonsulent.dk\/wp-content\/uploads\/2021\/08\/IMG_1664-2-1536x2048.jpg 1536w, https:\/\/dinbygningskonsulent.dk\/wp-content\/uploads\/2021\/08\/IMG_1664-2-1568x2091.jpg 1568w, https:\/\/dinbygningskonsulent.dk\/wp-content\/uploads\/2021\/08\/IMG_1664-2-scaled.jpg 1920w\" sizes=\"auto, (max-width: 768px) 100vw, 768px\" \/><\/figure>\n<\/div>\n\n\n\n<div class=\"wp-block-column is-layout-flow wp-block-column-is-layout-flow\">\n<figure class=\"wp-block-image size-large\"><img loading=\"lazy\" decoding=\"async\" width=\"768\" height=\"1024\" src=\"https:\/\/dinbygningskonsulent.dk\/wp-content\/uploads\/2021\/08\/IMG_1663-768x1024.jpg\" alt=\"\" class=\"wp-image-248\" srcset=\"https:\/\/dinbygningskonsulent.dk\/wp-content\/uploads\/2021\/08\/IMG_1663-768x1024.jpg 768w, https:\/\/dinbygningskonsulent.dk\/wp-content\/uploads\/2021\/08\/IMG_1663-225x300.jpg 225w, https:\/\/dinbygningskonsulent.dk\/wp-content\/uploads\/2021\/08\/IMG_1663-1152x1536.jpg 1152w, https:\/\/dinbygningskonsulent.dk\/wp-content\/uploads\/2021\/08\/IMG_1663-1536x2048.jpg 1536w, https:\/\/dinbygningskonsulent.dk\/wp-content\/uploads\/2021\/08\/IMG_1663-1568x2091.jpg 1568w, https:\/\/dinbygningskonsulent.dk\/wp-content\/uploads\/2021\/08\/IMG_1663-scaled.jpg 1920w\" sizes=\"auto, (max-width: 768px) 100vw, 768px\" \/><\/figure>\n<\/div>\n<\/div>\n\n\n\n<h5 class=\"wp-block-heading alignwide\">Kontrol af limning viser at der er fejl i ops\u00e6tning af porebetonelementer. Der blev foretaget borepr\u00f8ver, da der var mange revner som ikke kunne forklares med andet end d\u00e5rlig limning.<\/h5>\n\n\n\n<div class=\"wp-block-columns alignwide is-layout-flex wp-container-core-columns-is-layout-9d6595d7 wp-block-columns-is-layout-flex\">\n<div class=\"wp-block-column is-layout-flow wp-block-column-is-layout-flow\">\n<figure class=\"wp-block-image size-large\"><img loading=\"lazy\" decoding=\"async\" width=\"768\" height=\"1024\" src=\"https:\/\/dinbygningskonsulent.dk\/wp-content\/uploads\/2021\/08\/IMG_1619-768x1024.jpg\" alt=\"\" class=\"wp-image-250\" srcset=\"https:\/\/dinbygningskonsulent.dk\/wp-content\/uploads\/2021\/08\/IMG_1619-768x1024.jpg 768w, https:\/\/dinbygningskonsulent.dk\/wp-content\/uploads\/2021\/08\/IMG_1619-225x300.jpg 225w, https:\/\/dinbygningskonsulent.dk\/wp-content\/uploads\/2021\/08\/IMG_1619-1152x1536.jpg 1152w, https:\/\/dinbygningskonsulent.dk\/wp-content\/uploads\/2021\/08\/IMG_1619-1536x2048.jpg 1536w, https:\/\/dinbygningskonsulent.dk\/wp-content\/uploads\/2021\/08\/IMG_1619-1568x2091.jpg 1568w, https:\/\/dinbygningskonsulent.dk\/wp-content\/uploads\/2021\/08\/IMG_1619-scaled.jpg 1920w\" sizes=\"auto, (max-width: 768px) 100vw, 768px\" \/><\/figure>\n<\/div>\n\n\n\n<div class=\"wp-block-column is-layout-flow wp-block-column-is-layout-flow\">\n<figure class=\"wp-block-image size-large\"><img loading=\"lazy\" decoding=\"async\" width=\"768\" height=\"1024\" src=\"https:\/\/dinbygningskonsulent.dk\/wp-content\/uploads\/2021\/08\/IMG_1615-768x1024.jpg\" alt=\"\" class=\"wp-image-251\" srcset=\"https:\/\/dinbygningskonsulent.dk\/wp-content\/uploads\/2021\/08\/IMG_1615-768x1024.jpg 768w, https:\/\/dinbygningskonsulent.dk\/wp-content\/uploads\/2021\/08\/IMG_1615-225x300.jpg 225w, https:\/\/dinbygningskonsulent.dk\/wp-content\/uploads\/2021\/08\/IMG_1615-1152x1536.jpg 1152w, https:\/\/dinbygningskonsulent.dk\/wp-content\/uploads\/2021\/08\/IMG_1615-1536x2048.jpg 1536w, https:\/\/dinbygningskonsulent.dk\/wp-content\/uploads\/2021\/08\/IMG_1615-1568x2091.jpg 1568w, https:\/\/dinbygningskonsulent.dk\/wp-content\/uploads\/2021\/08\/IMG_1615-scaled.jpg 1920w\" sizes=\"auto, (max-width: 768px) 100vw, 768px\" \/><\/figure>\n<\/div>\n<\/div>\n\n\n\n<h5 class=\"wp-block-heading alignwide\">Vi ser tit limning af porebeton ikke er udf\u00f8rt korrekt, det er en fejl der kan medf\u00f8re revner, i v\u00e6ggene, op til mange \u00e5r efter byggeriet er afsluttet og afleveret. <\/h5>\n\n\n\n<div class=\"wp-block-columns alignwide is-layout-flex wp-container-core-columns-is-layout-9d6595d7 wp-block-columns-is-layout-flex\">\n<div class=\"wp-block-column is-layout-flow wp-block-column-is-layout-flow\">\n<figure class=\"wp-block-image size-full is-resized\"><img loading=\"lazy\" decoding=\"async\" src=\"https:\/\/dinbygningskonsulent.dk\/wp-content\/uploads\/2021\/08\/kontrol-lim-3.jpg\" alt=\"\" class=\"wp-image-253\" width=\"1238\" height=\"592\" srcset=\"https:\/\/dinbygningskonsulent.dk\/wp-content\/uploads\/2021\/08\/kontrol-lim-3.jpg 893w, https:\/\/dinbygningskonsulent.dk\/wp-content\/uploads\/2021\/08\/kontrol-lim-3-300x143.jpg 300w, https:\/\/dinbygningskonsulent.dk\/wp-content\/uploads\/2021\/08\/kontrol-lim-3-768x367.jpg 768w\" sizes=\"auto, (max-width: 1238px) 100vw, 1238px\" \/><\/figure>\n\n\n\n<p><\/p>\n<\/div>\n<\/div>\n\n\n\n<p><\/p>\n","protected":false},"excerpt":{"rendered":"<p>Det er ikke unormalt, der findes fejl i porebetonmontagen. Entrepren\u00f8rerne har travlt med at monterer etageh\u00f8je porebetonelementer. Undervejs mangler der lidt omhu, afrensning af og forvanding af flader, der skal limes, samt en lim, der ikke lige er tynd nok. Alle disse argumenter medf\u00f8rer d\u00e5rlige limninger, d\u00e5rlige samlinger ja endda samlinger der slet ikke h\u00e6nger [&hellip;]<\/p>\n","protected":false},"author":1,"featured_media":0,"parent":0,"menu_order":0,"comment_status":"closed","ping_status":"closed","template":"","meta":{"footnotes":""},"class_list":["post-243","page","type-page","status-publish","hentry"],"_links":{"self":[{"href":"https:\/\/dinbygningskonsulent.dk\/index.php\/wp-json\/wp\/v2\/pages\/243","targetHints":{"allow":["GET"]}}],"collection":[{"href":"https:\/\/dinbygningskonsulent.dk\/index.php\/wp-json\/wp\/v2\/pages"}],"about":[{"href":"https:\/\/dinbygningskonsulent.dk\/index.php\/wp-json\/wp\/v2\/types\/page"}],"author":[{"embeddable":true,"href":"https:\/\/dinbygningskonsulent.dk\/index.php\/wp-json\/wp\/v2\/users\/1"}],"replies":[{"embeddable":true,"href":"https:\/\/dinbygningskonsulent.dk\/index.php\/wp-json\/wp\/v2\/comments?post=243"}],"version-history":[{"count":5,"href":"https:\/\/dinbygningskonsulent.dk\/index.php\/wp-json\/wp\/v2\/pages\/243\/revisions"}],"predecessor-version":[{"id":1089,"href":"https:\/\/dinbygningskonsulent.dk\/index.php\/wp-json\/wp\/v2\/pages\/243\/revisions\/1089"}],"wp:attachment":[{"href":"https:\/\/dinbygningskonsulent.dk\/index.php\/wp-json\/wp\/v2\/media?parent=243"}],"curies":[{"name":"wp","href":"https:\/\/api.w.org\/{rel}","templated":true}]}}