{"id":376,"date":"2021-12-26T11:07:15","date_gmt":"2021-12-26T11:07:15","guid":{"rendered":"https:\/\/dinbygningskonsulent.dk\/?page_id=376"},"modified":"2023-07-15T15:17:33","modified_gmt":"2023-07-15T15:17:33","slug":"varmeanlaeg","status":"publish","type":"page","link":"https:\/\/dinbygningskonsulent.dk\/index.php\/varmeanlaeg\/","title":{"rendered":"Varmeanl\u00e6g"},"content":{"rendered":"\n<div class=\"wp-block-columns alignwide is-layout-flex wp-container-core-columns-is-layout-9d6595d7 wp-block-columns-is-layout-flex\">\n<div class=\"wp-block-column is-layout-flow wp-block-column-is-layout-flow\">\n<p><strong>Varmeanl\u00e6gget<\/strong> er boligens energikilde, der producerer varmt brugsvand og varme til boligens opvarmning, det er her alle udgifter til d\u00e5rlig indreguleret ventilation og ut\u00e6theder i klimask\u00e6rmen, kommer til udbetaling. Selv sm\u00e5 fejl p\u00e5 ventilation og klimask\u00e6rm, kan blive enormt dyre.<\/p>\n<p>N\u00e5r vi gennemg\u00e5r varmeanl\u00e6gget, skal vi naturligvis sikre, at energirammeberegningerne er korrekte og overholder kravene i bygningsreg-lementet, ligesom energim\u00e6rket skal v\u00e6re opdateret og g\u00e6ldende.&nbsp;<\/p>\n\n\n\n<div class=\"wp-block-columns is-layout-flex wp-container-core-columns-is-layout-9d6595d7 wp-block-columns-is-layout-flex\">\n<div class=\"wp-block-column is-layout-flow wp-block-column-is-layout-flow\">\n<figure class=\"wp-block-image size-full\"><img loading=\"lazy\" decoding=\"async\" width=\"685\" height=\"361\" src=\"https:\/\/dinbygningskonsulent.dk\/wp-content\/uploads\/2022\/01\/Ventilation-ubal-1.jpg\" alt=\"\" class=\"wp-image-459\" srcset=\"https:\/\/dinbygningskonsulent.dk\/wp-content\/uploads\/2022\/01\/Ventilation-ubal-1.jpg 685w, https:\/\/dinbygningskonsulent.dk\/wp-content\/uploads\/2022\/01\/Ventilation-ubal-1-300x158.jpg 300w\" sizes=\"auto, (max-width: 685px) 100vw, 685px\" \/><figcaption class=\"wp-element-caption\">Graf, viser en kontrolm\u00e5ling af et ventilationsanl\u00e6g, m\u00e5lingerne er foretaget over modstr\u00f8msveksler, s\u00e5ledes er det luftm\u00e6ngder i hovedkanaler, der er m\u00e5lt. M\u00e5lingerne viser der er ca. 40% mere fraluft ved grundventilation.<\/figcaption><\/figure>\n<\/div>\n\n\n\n<div class=\"wp-block-column is-layout-flow wp-block-column-is-layout-flow\">\n<figure class=\"wp-block-image size-full\"><img loading=\"lazy\" decoding=\"async\" width=\"685\" height=\"362\" src=\"https:\/\/dinbygningskonsulent.dk\/wp-content\/uploads\/2022\/01\/Varmetab-2.jpg\" alt=\"\" class=\"wp-image-460\" srcset=\"https:\/\/dinbygningskonsulent.dk\/wp-content\/uploads\/2022\/01\/Varmetab-2.jpg 685w, https:\/\/dinbygningskonsulent.dk\/wp-content\/uploads\/2022\/01\/Varmetab-2-300x159.jpg 300w\" sizes=\"auto, (max-width: 685px) 100vw, 685px\" \/><figcaption class=\"wp-element-caption\">Graf, hvor forskelen mellem de r\u00f8de og de bl\u00e5 s\u00f8jler viser det ekstra energitilskud, der kr\u00e6ves n\u00e5r der er ut\u00e6t klimask\u00e6rm og fejl i indregulering af ventilationsanl\u00e6g.<\/figcaption><\/figure>\n<\/div>\n<\/div>\n<\/div>\n<\/div>\n\n\n\n<div class=\"wp-block-columns alignwide is-layout-flex wp-container-core-columns-is-layout-9d6595d7 wp-block-columns-is-layout-flex\">\n<div class=\"wp-block-column is-layout-flow wp-block-column-is-layout-flow\">\n<p><\/p>\n<p><strong>Varmefordelingen<\/strong> i boligen skal beregnes og indreguleres korrekt, for at undg\u00e5 kolde omr\u00e5der i boligen.<\/p>\n<\/div>\n<\/div>\n\n\n\n<div class=\"wp-block-columns alignwide is-layout-flex wp-container-core-columns-is-layout-9d6595d7 wp-block-columns-is-layout-flex\">\n<div class=\"wp-block-column is-layout-flow wp-block-column-is-layout-flow\">\n<figure class=\"wp-block-image size-full\"><img loading=\"lazy\" decoding=\"async\" width=\"611\" height=\"426\" src=\"https:\/\/dinbygningskonsulent.dk\/wp-content\/uploads\/2022\/01\/Gulvvarmeberegning.png\" alt=\"\" class=\"wp-image-464\" srcset=\"https:\/\/dinbygningskonsulent.dk\/wp-content\/uploads\/2022\/01\/Gulvvarmeberegning.png 611w, https:\/\/dinbygningskonsulent.dk\/wp-content\/uploads\/2022\/01\/Gulvvarmeberegning-300x209.png 300w\" sizes=\"auto, (max-width: 611px) 100vw, 611px\" \/><\/figure>\n<\/div>\n\n\n\n<div class=\"wp-block-column is-layout-flow wp-block-column-is-layout-flow\">\n<h6>Tabelen viser et eksempel p\u00e5 beregning af gulvvarmeslanger i stueplan og p\u00e5 1.sal, hvor der er 2 fordelingspunkter med \u00e9n gulvvarmeshunt.<\/h6>\n\n\n\n<figure class=\"wp-block-image size-full is-resized\"><img loading=\"lazy\" decoding=\"async\" src=\"https:\/\/dinbygningskonsulent.dk\/wp-content\/uploads\/2022\/01\/Tabel-varme.jpg\" alt=\"\" class=\"wp-image-467\" width=\"603\" height=\"231\" srcset=\"https:\/\/dinbygningskonsulent.dk\/wp-content\/uploads\/2022\/01\/Tabel-varme.jpg 407w, https:\/\/dinbygningskonsulent.dk\/wp-content\/uploads\/2022\/01\/Tabel-varme-300x115.jpg 300w\" sizes=\"auto, (max-width: 603px) 100vw, 603px\" \/><\/figure>\n<\/div>\n<\/div>\n\n\n\n<p><\/p>\n","protected":false},"excerpt":{"rendered":"<p>Varmeanl\u00e6gget er boligens energikilde, der producerer varmt brugsvand og varme til boligens opvarmning, det er her alle udgifter til d\u00e5rlig indreguleret ventilation og ut\u00e6theder i klimask\u00e6rmen, kommer til udbetaling. Selv sm\u00e5 fejl p\u00e5 ventilation og klimask\u00e6rm, kan blive enormt dyre. N\u00e5r vi gennemg\u00e5r varmeanl\u00e6gget, skal vi naturligvis sikre, at energirammeberegningerne er korrekte og overholder kravene [&hellip;]<\/p>\n","protected":false},"author":1,"featured_media":0,"parent":0,"menu_order":0,"comment_status":"closed","ping_status":"closed","template":"","meta":{"footnotes":""},"class_list":["post-376","page","type-page","status-publish","hentry"],"_links":{"self":[{"href":"https:\/\/dinbygningskonsulent.dk\/index.php\/wp-json\/wp\/v2\/pages\/376","targetHints":{"allow":["GET"]}}],"collection":[{"href":"https:\/\/dinbygningskonsulent.dk\/index.php\/wp-json\/wp\/v2\/pages"}],"about":[{"href":"https:\/\/dinbygningskonsulent.dk\/index.php\/wp-json\/wp\/v2\/types\/page"}],"author":[{"embeddable":true,"href":"https:\/\/dinbygningskonsulent.dk\/index.php\/wp-json\/wp\/v2\/users\/1"}],"replies":[{"embeddable":true,"href":"https:\/\/dinbygningskonsulent.dk\/index.php\/wp-json\/wp\/v2\/comments?post=376"}],"version-history":[{"count":20,"href":"https:\/\/dinbygningskonsulent.dk\/index.php\/wp-json\/wp\/v2\/pages\/376\/revisions"}],"predecessor-version":[{"id":954,"href":"https:\/\/dinbygningskonsulent.dk\/index.php\/wp-json\/wp\/v2\/pages\/376\/revisions\/954"}],"wp:attachment":[{"href":"https:\/\/dinbygningskonsulent.dk\/index.php\/wp-json\/wp\/v2\/media?parent=376"}],"curies":[{"name":"wp","href":"https:\/\/api.w.org\/{rel}","templated":true}]}}