{"id":382,"date":"2021-12-26T11:10:45","date_gmt":"2021-12-26T11:10:45","guid":{"rendered":"https:\/\/dinbygningskonsulent.dk\/?page_id=382"},"modified":"2023-07-16T04:48:27","modified_gmt":"2023-07-16T04:48:27","slug":"el-installationer","status":"publish","type":"page","link":"https:\/\/dinbygningskonsulent.dk\/index.php\/el-installationer\/","title":{"rendered":"EL installationer"},"content":{"rendered":"\n<div class=\"wp-block-columns alignwide is-layout-flex wp-container-core-columns-is-layout-9d6595d7 wp-block-columns-is-layout-flex\">\n<div class=\"wp-block-column is-layout-flow wp-block-column-is-layout-flow\">\n<h3><strong>Vi kontrollere din boligs el installationer iht. de nyeste standarder DS\/HD 60364.<\/strong><\/h3>\n<\/div>\n<\/div>\n\n\n\n<div class=\"wp-block-media-text alignwide has-media-on-the-right is-stacked-on-mobile is-vertically-aligned-top\"><div class=\"wp-block-media-text__content\">\n<h2 class=\"wp-block-heading\"><strong>Vi unders\u00f8ger:<\/strong><\/h2>\n\n\n\n<ul class=\"wp-block-list\">\n<li>&#8211; <strong>Om HPFI rel\u00e6erne, har de korrekte  beskyttelsesparametre.<\/strong><\/li>\n\n\n\n<li>&#8211; <strong>Om der er det lovpligtige antal HPFI rel\u00e6er<\/strong><\/li>\n\n\n\n<li>&#8211; <strong>Om der er det lovpligtige antal grupper for 230 volt<\/strong><\/li>\n\n\n\n<li>&#8211; <strong>Om der er udf\u00f8rt korrekt SPD. (oversp\u00e6ndingsbeskyttelse.)<\/strong><\/li>\n\n\n\n<li>&#8211; <strong>Om der er udf\u00f8rt korrekt opm\u00e6rkning. (tilh\u00f8rsforhold.)<\/strong><\/li>\n\n\n\n<li>&#8211; <strong>Om der er for store huller, i tavlekapslingen.\u00a0<\/strong><\/li>\n\n\n\n<li>&#8211; <strong>Om der er udf\u00f8rt korrekt jording, med opm\u00e6rkning<\/strong>.<\/li>\n<\/ul>\n<\/div><figure class=\"wp-block-media-text__media\"><img loading=\"lazy\" decoding=\"async\" width=\"1024\" height=\"579\" src=\"https:\/\/dinbygningskonsulent.dk\/wp-content\/uploads\/2021\/12\/Elplam-2-1024x579.jpg\" alt=\"\" class=\"wp-image-416 size-full\" srcset=\"https:\/\/dinbygningskonsulent.dk\/wp-content\/uploads\/2021\/12\/Elplam-2-1024x579.jpg 1024w, https:\/\/dinbygningskonsulent.dk\/wp-content\/uploads\/2021\/12\/Elplam-2-300x170.jpg 300w, https:\/\/dinbygningskonsulent.dk\/wp-content\/uploads\/2021\/12\/Elplam-2-768x434.jpg 768w, https:\/\/dinbygningskonsulent.dk\/wp-content\/uploads\/2021\/12\/Elplam-2.jpg 1306w\" sizes=\"auto, (max-width: 1024px) 100vw, 1024px\" \/><\/figure><\/div>\n\n\n\n<p><\/p>\n","protected":false},"excerpt":{"rendered":"<p>Vi kontrollere din boligs el installationer iht. de nyeste standarder DS\/HD 60364.<\/p>\n","protected":false},"author":1,"featured_media":0,"parent":0,"menu_order":0,"comment_status":"closed","ping_status":"closed","template":"","meta":{"footnotes":""},"class_list":["post-382","page","type-page","status-publish","hentry"],"_links":{"self":[{"href":"https:\/\/dinbygningskonsulent.dk\/index.php\/wp-json\/wp\/v2\/pages\/382","targetHints":{"allow":["GET"]}}],"collection":[{"href":"https:\/\/dinbygningskonsulent.dk\/index.php\/wp-json\/wp\/v2\/pages"}],"about":[{"href":"https:\/\/dinbygningskonsulent.dk\/index.php\/wp-json\/wp\/v2\/types\/page"}],"author":[{"embeddable":true,"href":"https:\/\/dinbygningskonsulent.dk\/index.php\/wp-json\/wp\/v2\/users\/1"}],"replies":[{"embeddable":true,"href":"https:\/\/dinbygningskonsulent.dk\/index.php\/wp-json\/wp\/v2\/comments?post=382"}],"version-history":[{"count":30,"href":"https:\/\/dinbygningskonsulent.dk\/index.php\/wp-json\/wp\/v2\/pages\/382\/revisions"}],"predecessor-version":[{"id":1029,"href":"https:\/\/dinbygningskonsulent.dk\/index.php\/wp-json\/wp\/v2\/pages\/382\/revisions\/1029"}],"wp:attachment":[{"href":"https:\/\/dinbygningskonsulent.dk\/index.php\/wp-json\/wp\/v2\/media?parent=382"}],"curies":[{"name":"wp","href":"https:\/\/api.w.org\/{rel}","templated":true}]}}